{"id":339,"date":"2014-06-18T15:03:24","date_gmt":"2014-06-18T13:03:24","guid":{"rendered":"http:\/\/www.your-drop.at\/?page_id=339"},"modified":"2020-03-04T20:00:41","modified_gmt":"2020-03-04T19:00:41","slug":"impressum","status":"publish","type":"page","link":"https:\/\/www.your-drop.at\/?page_id=339","title":{"rendered":"Impressum"},"content":{"rendered":"<h2 class=\"page-title\">Impressum<\/h2>\n<table style=\"height: 463px;\" border=\"0\" width=\"1204\" cellspacing=\"0\" cellpadding=\"0\">\n<tbody>\n<tr>\n<td valign=\"top\" width=\"199\"><b>Firmenname:<\/b><\/td>\n<td valign=\"top\" width=\"1195\">KOSA Betriebs GmbH<\/td>\n<\/tr>\n<tr>\n<td valign=\"top\"><b>Rechtsform:<\/b><\/td>\n<td valign=\"top\">Gesellschaft mit beschr\u00e4nkter Haftung<\/td>\n<\/tr>\n<tr>\n<td valign=\"top\"><b>Unternehmensgegenstand:<\/b><\/td>\n<td valign=\"top\">Handelsgewerbe mit der Ausnahme der reglementierten Handelsgewerbe und Handelsagent<br \/>\nAusschank von nichtalkoholischen Getr\u00e4nken und Verkauf dieser Getr\u00e4nken mittels Automaten<\/td>\n<\/tr>\n<tr>\n<td valign=\"top\"><b>Mitgliedschaften bei der Wirtschaftsorganisation:<\/b><\/td>\n<td valign=\"bottom\">WKO<\/td>\n<\/tr>\n<tr>\n<td valign=\"top\"><b>UID Nummer:<\/b><\/td>\n<td valign=\"top\">ATU 68405068<\/td>\n<\/tr>\n<tr>\n<td valign=\"top\"><b>Firmenbuchnummer:<\/b><\/td>\n<td valign=\"top\">407608z<\/td>\n<\/tr>\n<tr>\n<td valign=\"top\"><b>Firmenbuchgericht:<\/b><\/td>\n<td valign=\"top\">Handelsgericht Wien<\/td>\n<\/tr>\n<tr>\n<td valign=\"top\"><b>Gewerbeordnung:<\/b><\/td>\n<td valign=\"top\"><a href=\"http:\/\/www.ris.bka.gv.at\">www.ris.bka.gv.at<\/a><\/td>\n<\/tr>\n<tr>\n<td valign=\"top\"><b>Aufsichtsbeh\u00f6rde:<\/b><\/td>\n<td valign=\"top\">Bezirkshauptmannschaft f\u00fcr den 22. Bezirk<\/td>\n<\/tr>\n<tr>\n<td valign=\"top\"><b>Firmensitz:<\/b><\/td>\n<td valign=\"top\">Cankarstrasse 64, 1220 Wien<\/td>\n<\/tr>\n<tr>\n<td valign=\"top\"><b>Telefon:<\/b><\/td>\n<td valign=\"top\">+43 664 3052529<\/td>\n<\/tr>\n<tr>\n<td valign=\"top\"><b>Fax:<\/b><\/td>\n<td valign=\"top\">+43 664 3052529<\/td>\n<\/tr>\n<tr>\n<td valign=\"top\"><b>E-Mail:<\/b><\/td>\n<td valign=\"top\">office@kosa-group.at<\/td>\n<\/tr>\n<tr>\n<td valign=\"top\"><b>Homepage:<\/b><\/td>\n<td valign=\"top\">www.your-drop.at<\/td>\n<\/tr>\n<tr>\n<td valign=\"top\"><\/td>\n<td valign=\"top\"><\/td>\n<\/tr>\n<tr>\n<td valign=\"top\"><\/td>\n<td valign=\"top\"><\/td>\n<\/tr>\n<tr>\n<td valign=\"top\"><\/td>\n<td valign=\"top\"><\/td>\n<\/tr>\n<tr>\n<td valign=\"top\"><b>Gesch\u00e4ftsf\u00fchrer:<\/b><\/td>\n<td valign=\"top\">Herr Markus Kogler<\/td>\n<\/tr>\n<\/tbody>\n<\/table>\n<p>&nbsp;<\/p>\n<p>&nbsp;<\/p>\n<p><strong>Verwendung von Google Analytics<\/strong><\/p>\n<p>Diese Website benutzt Google Analytics, einen Webanalysedienst der Google Inc. (\u201eGoogle\u201c) Google Analytics verwendet sog. \u201eCookies\u201c, Textdateien, die auf Ihrem Computer gespeichert werden und die eine Analyse der Benutzung der Website durch Sie erm\u00f6glicht. Die durch den Cookie erzeugten Informationen \u00fcber Ihre Benutzung dieser Website (einschlie\u00dflich Ihrer IPAdresse) wird an einen Server von Google in den USA \u00fcbertragen und dort gespeichert. Google wird diese Informationen benutzen, um Ihre Nutzung der Website auszuwerten, um Reports \u00fcber die Websiteaktivit\u00e4ten f\u00fcr die Websitebetreiber zusammenzustellen und um weitere mit der Websitenutzung und der Internetnutzung verbundene Dienstleistungen zu erbringen. Auch wird Google diese Informationen gegebenenfalls an Dritte \u00fcbertragen, sofern dies gesetzlich vorgeschrieben oder soweit Dritte diese Daten im Auftrag von Google verarbeiten. Google wird in keinem Fall Ihre IP-Adresse mit anderen Daten der Google in Verbindung bringen. Sie k\u00f6nnen die Installation der Cookies durch eine entsprechende Einstellung Ihrer Browser Software verhindern; wir weisen Sie jedoch darauf hin, dass Sie in diesem Fall gegebenenfalls nicht s\u00e4mtliche Funktionen dieser Website voll umf\u00e4nglich nutzen k\u00f6nnen. Durch die Nutzung dieser Website erkl\u00e4ren Sie sich mit der Bearbeitung der \u00fcber Sie erhobenen Daten durch Google in der zuvor beschriebenen Art und Weise und zu dem zuvor benannten Zweck einverstanden.<\/p>\n","protected":false},"excerpt":{"rendered":"<p>Impressum Firmenname: KOSA Betriebs GmbH Rechtsform: Gesellschaft mit beschr\u00e4nkter Haftung Unternehmensgegenstand: Handelsgewerbe mit der Ausnahme der reglementierten Handelsgewerbe und Handelsagent Ausschank von nichtalkoholischen Getr\u00e4nken und Verkauf dieser Getr\u00e4nken mittels Automaten Mitgliedschaften bei der Wirtschaftsorganisation: WKO UID Nummer: ATU 68405068 Firmenbuchnummer: 407608z Firmenbuchgericht: Handelsgericht Wien Gewerbeordnung: www.ris.bka.gv.at Aufsichtsbeh\u00f6rde: Bezirkshauptmannschaft f\u00fcr den 22. Bezirk Firmensitz: Cankarstrasse 64, [&hellip;]<\/p>\n","protected":false},"author":1,"featured_media":0,"parent":0,"menu_order":6,"comment_status":"open","ping_status":"closed","template":"","meta":{"footnotes":""},"tags":[],"class_list":["post-339","page","type-page","status-publish","hentry"],"_links":{"self":[{"href":"https:\/\/www.your-drop.at\/index.php?rest_route=\/wp\/v2\/pages\/339","targetHints":{"allow":["GET"]}}],"collection":[{"href":"https:\/\/www.your-drop.at\/index.php?rest_route=\/wp\/v2\/pages"}],"about":[{"href":"https:\/\/www.your-drop.at\/index.php?rest_route=\/wp\/v2\/types\/page"}],"author":[{"embeddable":true,"href":"https:\/\/www.your-drop.at\/index.php?rest_route=\/wp\/v2\/users\/1"}],"replies":[{"embeddable":true,"href":"https:\/\/www.your-drop.at\/index.php?rest_route=%2Fwp%2Fv2%2Fcomments&post=339"}],"version-history":[{"count":15,"href":"https:\/\/www.your-drop.at\/index.php?rest_route=\/wp\/v2\/pages\/339\/revisions"}],"predecessor-version":[{"id":463,"href":"https:\/\/www.your-drop.at\/index.php?rest_route=\/wp\/v2\/pages\/339\/revisions\/463"}],"wp:attachment":[{"href":"https:\/\/www.your-drop.at\/index.php?rest_route=%2Fwp%2Fv2%2Fmedia&parent=339"}],"wp:term":[{"taxonomy":"post_tag","embeddable":true,"href":"https:\/\/www.your-drop.at\/index.php?rest_route=%2Fwp%2Fv2%2Ftags&post=339"}],"curies":[{"name":"wp","href":"https:\/\/api.w.org\/{rel}","templated":true}]}}